{"id":664,"date":"2025-08-08T16:11:28","date_gmt":"2025-08-08T14:11:28","guid":{"rendered":"https:\/\/welle-hof.de\/wh\/?post_type=product&#038;p=664"},"modified":"2026-05-07T15:11:17","modified_gmt":"2026-05-07T13:11:17","slug":"mischkiste-5-kg","status":"publish","type":"product","link":"https:\/\/welle-hof.de\/wh\/produkt\/mischkiste-5-kg\/","title":{"rendered":"Mischkiste 5 Kg"},"content":{"rendered":"<p data-start=\"143\" data-end=\"438\"><strong data-start=\"143\" data-end=\"193\">Mischkiste Fleisch \u2013 5 kg purer Genuss vom Hof<\/strong><br data-start=\"193\" data-end=\"196\" \/>Klein, fein und voller Geschmack \u2013 perfekt f\u00fcr Singles, Paare oder kleine Familien. Unsere 5 kg Mischkiste bringt dir beste Fleischqualit\u00e4t direkt vom Hof auf den Tisch. Mit Sorgfalt zusammengestellt, frisch verarbeitet und voller Vielfalt.<\/p>\n<p data-start=\"440\" data-end=\"476\"><strong data-start=\"440\" data-end=\"474\">Inhalt \u2013 mit Liebe ausgesucht:<\/strong><\/p>\n<ul data-start=\"477\" data-end=\"849\">\n<li data-start=\"477\" data-end=\"537\">\n<p data-start=\"479\" data-end=\"537\"><strong data-start=\"479\" data-end=\"501\">500 g zarte Steaks<\/strong> \u2013 f\u00fcr den besonderen Genussmoment<\/p>\n<\/li>\n<li data-start=\"538\" data-end=\"600\">\n<p data-start=\"540\" data-end=\"600\"><strong data-start=\"540\" data-end=\"560\">1 kg Hackfleisch<\/strong> \u2013 vielseitig und immer eine gute Idee<\/p>\n<\/li>\n<li data-start=\"601\" data-end=\"640\">\n<p data-start=\"603\" data-end=\"640\"><strong data-start=\"603\" data-end=\"617\">2 Rouladen<\/strong> \u2013 wie aus Omas K\u00fcche<\/p>\n<\/li>\n<li data-start=\"641\" data-end=\"692\">\n<p data-start=\"643\" data-end=\"692\"><strong data-start=\"643\" data-end=\"658\">1 kg Braten<\/strong> \u2013 festlich oder alltagstauglich<\/p>\n<\/li>\n<li data-start=\"693\" data-end=\"743\">\n<p data-start=\"695\" data-end=\"743\"><strong data-start=\"695\" data-end=\"711\">1 kg Gulasch<\/strong> \u2013 f\u00fcr w\u00e4rmende Schmorgerichte<\/p>\n<\/li>\n<li data-start=\"744\" data-end=\"796\">\n<p data-start=\"746\" data-end=\"796\"><strong data-start=\"746\" data-end=\"769\">500 g Suppenfleisch<\/strong> \u2013 f\u00fcr aromatische Br\u00fchen<\/p>\n<\/li>\n<li data-start=\"797\" data-end=\"849\">\n<p data-start=\"799\" data-end=\"849\"><strong data-start=\"799\" data-end=\"816\">500 g Knochen<\/strong> \u2013 die Basis f\u00fcr kr\u00e4ftige Fonds<\/p>\n<\/li>\n<\/ul>\n<p data-start=\"851\" data-end=\"1017\"><strong data-start=\"851\" data-end=\"895\">Warum du unsere Mischkiste lieben wirst:<\/strong><br data-start=\"895\" data-end=\"898\" \/>\u2714 Fleisch aus artgerechter Haltung<br data-start=\"932\" data-end=\"935\" \/>\u2714 Frisch vom Hof, regional &amp; ehrlich<br data-start=\"971\" data-end=\"974\" \/>\u2714 Vakuumiert und k\u00fcchenfertig portioniert<\/p>\n<p data-start=\"1019\" data-end=\"1179\">Die perfekte Box, wenn du Qualit\u00e4t sch\u00e4tzt, Abwechslung liebst und genau wissen m\u00f6chtest, wo dein Fleisch herkommt. Ein kleines Paket, das gro\u00dfe Freude macht!<\/p>\n<p data-start=\"1019\" data-end=\"1179\">pro kg \/15\u20ac<\/p>\n","protected":false},"excerpt":{"rendered":"<p>Mischkiste Fleisch \u2013 5 kg purer Genuss vom HofKlein, fein und voller Geschmack \u2013 perfekt f\u00fcr Singles, Paare oder kleine [&hellip;]<\/p>\n","protected":false},"featured_media":665,"template":"","meta":{"site-sidebar-layout":"default","site-content-layout":"","ast-site-content-layout":"default","site-content-style":"default","site-sidebar-style":"default","ast-global-header-display":"","ast-banner-title-visibility":"","ast-main-header-display":"","ast-hfb-above-header-display":"","ast-hfb-below-header-display":"","ast-hfb-mobile-header-display":"","site-post-title":"","ast-breadcrumbs-content":"","ast-featured-img":"","footer-sml-layout":"","theme-transparent-header-meta":"default","adv-header-id-meta":"","stick-header-meta":"","header-above-stick-meta":"","header-main-stick-meta":"","header-below-stick-meta":"","astra-migrate-meta-layouts":"set","ast-page-background-enabled":"default","ast-page-background-meta":{"desktop":{"background-color":"var(--ast-global-color-5)","background-image":"","background-repeat":"repeat","background-position":"center center","background-size":"auto","background-attachment":"scroll","background-type":"","background-media":"","overlay-type":"","overlay-color":"","overlay-opacity":"","overlay-gradient":""},"tablet":{"background-color":"","background-image":"","background-repeat":"repeat","background-position":"center center","background-size":"auto","background-attachment":"scroll","background-type":"","background-media":"","overlay-type":"","overlay-color":"","overlay-opacity":"","overlay-gradient":""},"mobile":{"background-color":"","background-image":"","background-repeat":"repeat","background-position":"center center","background-size":"auto","background-attachment":"scroll","background-type":"","background-media":"","overlay-type":"","overlay-color":"","overlay-opacity":"","overlay-gradient":""}},"ast-content-background-meta":{"desktop":{"background-color":"var(--ast-global-color-4)","background-image":"","background-repeat":"repeat","background-position":"center center","background-size":"auto","background-attachment":"scroll","background-type":"","background-media":"","overlay-type":"","overlay-color":"","overlay-opacity":"","overlay-gradient":""},"tablet":{"background-color":"var(--ast-global-color-4)","background-image":"","background-repeat":"repeat","background-position":"center center","background-size":"auto","background-attachment":"scroll","background-type":"","background-media":"","overlay-type":"","overlay-color":"","overlay-opacity":"","overlay-gradient":""},"mobile":{"background-color":"var(--ast-global-color-4)","background-image":"","background-repeat":"repeat","background-position":"center center","background-size":"auto","background-attachment":"scroll","background-type":"","background-media":"","overlay-type":"","overlay-color":"","overlay-opacity":"","overlay-gradient":""}}},"product_brand":[],"product_cat":[20],"product_tag":[],"class_list":{"0":"post-664","1":"product","2":"type-product","3":"status-publish","4":"has-post-thumbnail","6":"product_cat-rind","7":"desktop-align-left","8":"tablet-align-left","9":"mobile-align-left","11":"first","12":"outofstock","13":"taxable","14":"shipping-taxable","15":"purchasable","16":"product-type-simple"},"jetpack_sharing_enabled":true,"_links":{"self":[{"href":"https:\/\/welle-hof.de\/wh\/wp-json\/wp\/v2\/product\/664","targetHints":{"allow":["GET"]}}],"collection":[{"href":"https:\/\/welle-hof.de\/wh\/wp-json\/wp\/v2\/product"}],"about":[{"href":"https:\/\/welle-hof.de\/wh\/wp-json\/wp\/v2\/types\/product"}],"wp:featuredmedia":[{"embeddable":true,"href":"https:\/\/welle-hof.de\/wh\/wp-json\/wp\/v2\/media\/665"}],"wp:attachment":[{"href":"https:\/\/welle-hof.de\/wh\/wp-json\/wp\/v2\/media?parent=664"}],"wp:term":[{"taxonomy":"product_brand","embeddable":true,"href":"https:\/\/welle-hof.de\/wh\/wp-json\/wp\/v2\/product_brand?post=664"},{"taxonomy":"product_cat","embeddable":true,"href":"https:\/\/welle-hof.de\/wh\/wp-json\/wp\/v2\/product_cat?post=664"},{"taxonomy":"product_tag","embeddable":true,"href":"https:\/\/welle-hof.de\/wh\/wp-json\/wp\/v2\/product_tag?post=664"}],"curies":[{"name":"wp","href":"https:\/\/api.w.org\/{rel}","templated":true}]}}