{"id":253,"date":"2025-01-21T14:52:48","date_gmt":"2025-01-21T13:52:48","guid":{"rendered":"https:\/\/welle-hof.de\/wh\/?post_type=product&#038;p=253"},"modified":"2025-11-22T14:03:11","modified_gmt":"2025-11-22T13:03:11","slug":"mainzer","status":"publish","type":"product","link":"https:\/\/welle-hof.de\/wh\/produkt\/mainzer\/","title":{"rendered":"Mainzer"},"content":{"rendered":"<div class=\"message_d5deea cozyMessage_d5deea wrapper_f9f2ca cozy_f9f2ca zalgo_f9f2ca\" tabindex=\"-1\" role=\"article\" data-list-item-id=\"chat-messages___chat-messages-451029939089571841-1333449309433233429\" aria-setsize=\"-1\" aria-roledescription=\"Nachricht\" aria-labelledby=\"message-username-1333447998361047180 uid_1 message-content-1333449309433233429 uid_2 message-timestamp-1333449309433233429\">\n<div class=\"contents_f9f2ca\">\n<div id=\"message-content-1333449309433233429\" class=\"markup_f8f345 messageContent_f9f2ca\">Mainzer ist eine herzhaft-w\u00fcrzige Wurstspezialit\u00e4t, die ihren Ursprung in der Region rund um Mainz hat und durch ihre besonders aromatische Note besticht. Hergestellt wird diese Wurst aus einer Mischung von hochwertigem Rind- und Schweinefleisch, Fett und Gew\u00fcrzen wie Pfeffer, Knoblauch und anderen Kr\u00e4utern. Die typische Zubereitungsmethode sorgt f\u00fcr eine feste, aber saftige Textur und einen vollmundigen Geschmack, der von der dezenten W\u00fcrze und dem kr\u00e4ftigen Fleischgeschmack gepr\u00e4gt ist.<br \/>\nDie Mainzer Wurst zeichnet sich durch ihre r\u00f6tliche bis br\u00e4unliche Farbe aus. Besonders charakteristisch ist der leicht herbe Geschmack, der durch die spezielle Gew\u00fcrzmischung und die langsame Zubereitung entsteht.<br \/>\nIdeal ist die Mainzer Wurst f\u00fcr eine rustikale Brotzeit, auf einem Vesperbrett oder in kalten Platten. Sie harmoniert perfekt mit Senf, Sauerkraut oder frischem Bauernbrot und ist ein Genuss f\u00fcr alle Liebhaber herzhafter Wurstspezialit\u00e4ten. Ein St\u00fcck Tradition aus Mainz, das nicht nur in der Region, sondern auch dar\u00fcber hinaus sehr gesch\u00e4tzt wird.<\/div>\n<div><\/div>\n<\/div>\n<\/div>\n<p>400g pro Dose<br \/>\n(15\u20ac\/kg)<\/p>\n","protected":false},"excerpt":{"rendered":"<p>400g Dose<\/p>\n","protected":false},"featured_media":214,"template":"","meta":{"site-sidebar-layout":"default","site-content-layout":"","ast-site-content-layout":"default","site-content-style":"default","site-sidebar-style":"default","ast-global-header-display":"","ast-banner-title-visibility":"","ast-main-header-display":"","ast-hfb-above-header-display":"","ast-hfb-below-header-display":"","ast-hfb-mobile-header-display":"","site-post-title":"","ast-breadcrumbs-content":"","ast-featured-img":"","footer-sml-layout":"","theme-transparent-header-meta":"default","adv-header-id-meta":"","stick-header-meta":"","header-above-stick-meta":"","header-main-stick-meta":"","header-below-stick-meta":"","astra-migrate-meta-layouts":"set","ast-page-background-enabled":"default","ast-page-background-meta":{"desktop":{"background-color":"var(--ast-global-color-5)","background-image":"","background-repeat":"repeat","background-position":"center center","background-size":"auto","background-attachment":"scroll","background-type":"","background-media":"","overlay-type":"","overlay-color":"","overlay-opacity":"","overlay-gradient":""},"tablet":{"background-color":"","background-image":"","background-repeat":"repeat","background-position":"center center","background-size":"auto","background-attachment":"scroll","background-type":"","background-media":"","overlay-type":"","overlay-color":"","overlay-opacity":"","overlay-gradient":""},"mobile":{"background-color":"","background-image":"","background-repeat":"repeat","background-position":"center center","background-size":"auto","background-attachment":"scroll","background-type":"","background-media":"","overlay-type":"","overlay-color":"","overlay-opacity":"","overlay-gradient":""}},"ast-content-background-meta":{"desktop":{"background-color":"var(--ast-global-color-4)","background-image":"","background-repeat":"repeat","background-position":"center center","background-size":"auto","background-attachment":"scroll","background-type":"","background-media":"","overlay-type":"","overlay-color":"","overlay-opacity":"","overlay-gradient":""},"tablet":{"background-color":"var(--ast-global-color-4)","background-image":"","background-repeat":"repeat","background-position":"center center","background-size":"auto","background-attachment":"scroll","background-type":"","background-media":"","overlay-type":"","overlay-color":"","overlay-opacity":"","overlay-gradient":""},"mobile":{"background-color":"var(--ast-global-color-4)","background-image":"","background-repeat":"repeat","background-position":"center center","background-size":"auto","background-attachment":"scroll","background-type":"","background-media":"","overlay-type":"","overlay-color":"","overlay-opacity":"","overlay-gradient":""}}},"product_brand":[],"product_cat":[21],"product_tag":[],"class_list":{"0":"post-253","1":"product","2":"type-product","3":"status-publish","4":"has-post-thumbnail","6":"product_cat-wurstwaren","7":"desktop-align-left","8":"tablet-align-left","9":"mobile-align-left","11":"first","12":"instock","13":"taxable","14":"shipping-taxable","15":"purchasable","16":"product-type-variable"},"jetpack_sharing_enabled":true,"_links":{"self":[{"href":"https:\/\/welle-hof.de\/wh\/wp-json\/wp\/v2\/product\/253","targetHints":{"allow":["GET"]}}],"collection":[{"href":"https:\/\/welle-hof.de\/wh\/wp-json\/wp\/v2\/product"}],"about":[{"href":"https:\/\/welle-hof.de\/wh\/wp-json\/wp\/v2\/types\/product"}],"wp:featuredmedia":[{"embeddable":true,"href":"https:\/\/welle-hof.de\/wh\/wp-json\/wp\/v2\/media\/214"}],"wp:attachment":[{"href":"https:\/\/welle-hof.de\/wh\/wp-json\/wp\/v2\/media?parent=253"}],"wp:term":[{"taxonomy":"product_brand","embeddable":true,"href":"https:\/\/welle-hof.de\/wh\/wp-json\/wp\/v2\/product_brand?post=253"},{"taxonomy":"product_cat","embeddable":true,"href":"https:\/\/welle-hof.de\/wh\/wp-json\/wp\/v2\/product_cat?post=253"},{"taxonomy":"product_tag","embeddable":true,"href":"https:\/\/welle-hof.de\/wh\/wp-json\/wp\/v2\/product_tag?post=253"}],"curies":[{"name":"wp","href":"https:\/\/api.w.org\/{rel}","templated":true}]}}