{"id":238,"date":"2025-01-21T14:31:49","date_gmt":"2025-01-21T13:31:49","guid":{"rendered":"https:\/\/welle-hof.de\/wh\/?post_type=product&#038;p=238"},"modified":"2026-05-07T15:10:13","modified_gmt":"2026-05-07T13:10:13","slug":"burger-patties","status":"publish","type":"product","link":"https:\/\/welle-hof.de\/wh\/produkt\/burger-patties\/","title":{"rendered":"Burger Patties"},"content":{"rendered":"<div class=\"message_d5deea cozyMessage_d5deea wrapper_f9f2ca cozy_f9f2ca zalgo_f9f2ca\" tabindex=\"-1\" role=\"article\" data-list-item-id=\"chat-messages___chat-messages-451029939089571841-1333457801355464724\" aria-setsize=\"-1\" aria-roledescription=\"Nachricht\" aria-labelledby=\"message-username-1333456277996572765 uid_1 message-content-1333457801355464724 uid_2 message-timestamp-1333457801355464724\">\n<div class=\"contents_f9f2ca\">\n<div id=\"message-content-1333457801355464724\" class=\"markup_f8f345 messageContent_f9f2ca\">Das Burger Patty aus Rindfleisch ist die perfekte Grundlage f\u00fcr einen saftigen und geschmackvollen Burger. Hergestellt aus hochwertigem Rindfleisch, zeichnet sich das Patty durch seine zarte Textur und den intensiven, nat\u00fcrlichen Fleischgeschmack aus. Die Burger Patties werden aus bestem magerem Rindfleisch hergestellt, das sorgf\u00e4ltig gew\u00fcrzt wird, um den authentischen Geschmack des Rindes zu unterstreichen, ohne die Aromen zu \u00fcberdecken.<br \/>\nDie Patties sind so zubereitet, dass sie beim Grillen oder Braten au\u00dfen eine knusprige Kruste entwickeln und im Inneren saftig und zart bleiben. Der Fettanteil im Fleisch sorgt daf\u00fcr, dass das Patty seinen Geschmack beh\u00e4lt und nicht trocken wird, w\u00e4hrend es gleichzeitig leicht zubereitet werden kann \u2013 ob auf dem Grill, in der Pfanne oder im Ofen.<br \/>\nBurger Patties aus Rindfleisch sind besonders vielseitig und k\u00f6nnen je nach Vorlieben mit einer Vielzahl von Toppings wie K\u00e4se, frischem Gem\u00fcse, Saucen und Salaten kombiniert werden. Zusammen mit einem frisch gebackenen Br\u00f6tchen wird das Patty zu einem unwiderstehlichen Burger, der sowohl bei Grillabenden als auch bei einem schnellen Mittagessen \u00fcberzeugt. Ein klassisches, schlichtes Patty f\u00fcr alle, die den puren Geschmack von hochwertigem Rindfleisch lieben.<\/div>\n<\/div>\n<\/div>\n<p>&nbsp;<\/p>\n<p>2 St\u00fcck<br \/>\n(15\u20ac\/kg)<\/p>\n","protected":false},"excerpt":{"rendered":"<p>2 St\u00fcck<\/p>\n","protected":false},"featured_media":483,"template":"","meta":{"site-sidebar-layout":"default","site-content-layout":"","ast-site-content-layout":"default","site-content-style":"default","site-sidebar-style":"default","ast-global-header-display":"","ast-banner-title-visibility":"","ast-main-header-display":"","ast-hfb-above-header-display":"","ast-hfb-below-header-display":"","ast-hfb-mobile-header-display":"","site-post-title":"","ast-breadcrumbs-content":"","ast-featured-img":"","footer-sml-layout":"","theme-transparent-header-meta":"default","adv-header-id-meta":"","stick-header-meta":"","header-above-stick-meta":"","header-main-stick-meta":"","header-below-stick-meta":"","astra-migrate-meta-layouts":"set","ast-page-background-enabled":"default","ast-page-background-meta":{"desktop":{"background-color":"var(--ast-global-color-5)","background-image":"","background-repeat":"repeat","background-position":"center center","background-size":"auto","background-attachment":"scroll","background-type":"","background-media":"","overlay-type":"","overlay-color":"","overlay-opacity":"","overlay-gradient":""},"tablet":{"background-color":"","background-image":"","background-repeat":"repeat","background-position":"center center","background-size":"auto","background-attachment":"scroll","background-type":"","background-media":"","overlay-type":"","overlay-color":"","overlay-opacity":"","overlay-gradient":""},"mobile":{"background-color":"","background-image":"","background-repeat":"repeat","background-position":"center center","background-size":"auto","background-attachment":"scroll","background-type":"","background-media":"","overlay-type":"","overlay-color":"","overlay-opacity":"","overlay-gradient":""}},"ast-content-background-meta":{"desktop":{"background-color":"var(--ast-global-color-4)","background-image":"","background-repeat":"repeat","background-position":"center center","background-size":"auto","background-attachment":"scroll","background-type":"","background-media":"","overlay-type":"","overlay-color":"","overlay-opacity":"","overlay-gradient":""},"tablet":{"background-color":"var(--ast-global-color-4)","background-image":"","background-repeat":"repeat","background-position":"center center","background-size":"auto","background-attachment":"scroll","background-type":"","background-media":"","overlay-type":"","overlay-color":"","overlay-opacity":"","overlay-gradient":""},"mobile":{"background-color":"var(--ast-global-color-4)","background-image":"","background-repeat":"repeat","background-position":"center center","background-size":"auto","background-attachment":"scroll","background-type":"","background-media":"","overlay-type":"","overlay-color":"","overlay-opacity":"","overlay-gradient":""}}},"product_brand":[],"product_cat":[20],"product_tag":[],"class_list":{"0":"post-238","1":"product","2":"type-product","3":"status-publish","4":"has-post-thumbnail","6":"product_cat-rind","7":"desktop-align-left","8":"tablet-align-left","9":"mobile-align-left","11":"first","12":"outofstock","13":"taxable","14":"shipping-taxable","15":"purchasable","16":"product-type-variable","17":"has-default-attributes"},"jetpack_sharing_enabled":true,"_links":{"self":[{"href":"https:\/\/welle-hof.de\/wh\/wp-json\/wp\/v2\/product\/238","targetHints":{"allow":["GET"]}}],"collection":[{"href":"https:\/\/welle-hof.de\/wh\/wp-json\/wp\/v2\/product"}],"about":[{"href":"https:\/\/welle-hof.de\/wh\/wp-json\/wp\/v2\/types\/product"}],"wp:featuredmedia":[{"embeddable":true,"href":"https:\/\/welle-hof.de\/wh\/wp-json\/wp\/v2\/media\/483"}],"wp:attachment":[{"href":"https:\/\/welle-hof.de\/wh\/wp-json\/wp\/v2\/media?parent=238"}],"wp:term":[{"taxonomy":"product_brand","embeddable":true,"href":"https:\/\/welle-hof.de\/wh\/wp-json\/wp\/v2\/product_brand?post=238"},{"taxonomy":"product_cat","embeddable":true,"href":"https:\/\/welle-hof.de\/wh\/wp-json\/wp\/v2\/product_cat?post=238"},{"taxonomy":"product_tag","embeddable":true,"href":"https:\/\/welle-hof.de\/wh\/wp-json\/wp\/v2\/product_tag?post=238"}],"curies":[{"name":"wp","href":"https:\/\/api.w.org\/{rel}","templated":true}]}}