{"id":234,"date":"2025-01-21T14:29:47","date_gmt":"2025-01-21T13:29:47","guid":{"rendered":"https:\/\/welle-hof.de\/wh\/?post_type=product&#038;p=234"},"modified":"2026-05-07T15:10:13","modified_gmt":"2026-05-07T13:10:13","slug":"rinder-steak","status":"publish","type":"product","link":"https:\/\/welle-hof.de\/wh\/produkt\/rinder-steak\/","title":{"rendered":"Rinder-Steak"},"content":{"rendered":"<div class=\"message_d5deea cozyMessage_d5deea wrapper_f9f2ca cozy_f9f2ca zalgo_f9f2ca\" tabindex=\"-1\" role=\"article\" data-list-item-id=\"chat-messages___chat-messages-451029939089571841-1333459143155122269\" aria-setsize=\"-1\" aria-roledescription=\"Nachricht\" aria-labelledby=\"message-username-1333458091076882556 uid_1 message-content-1333459143155122269 uid_2 message-timestamp-1333459143155122269\">\n<div class=\"contents_f9f2ca\">\n<div id=\"message-content-1333459143155122269\" class=\"markup_f8f345 messageContent_f9f2ca\">Ein Rindersteak ist ein klassisches und beliebtes Fleischst\u00fcck, das durch seinen intensiven Geschmack und seine zarte Textur \u00fcberzeugt. Es wird aus verschiedenen Teilen des Rindes geschnitten, wie zum Beispiel dem Roastbeef, der H\u00fcfte oder dem Entrec\u00f4te, wobei jeder Schnitt seinen eigenen Charakter und Geschmack hat. Rindersteaks zeichnen sich durch eine feine Marmorierung aus, die f\u00fcr eine saftige, zarte Konsistenz sorgt und das Steak beim Grillen oder Braten besonders aromatisch macht.<br \/>\nJe nach Zubereitungsmethode \u2013 ob auf dem Grill, in der Pfanne oder im Ofen \u2013 entfaltet das Rindersteak seinen vollen Geschmack und bleibt saftig, w\u00e4hrend sich eine k\u00f6stliche Kruste bildet. Es l\u00e4sst sich in verschiedenen Garstufen zubereiten, von blutig bis durch, je nach Vorliebe.<br \/>\nRindersteaks sind \u00e4u\u00dferst vielseitig und passen zu einer Vielzahl von Beilagen wie Kartoffeln, Gem\u00fcse, Salaten oder auch klassischen Saucen wie Pfeffer-, Rotwein- oder Knoblauchbutter. Das Rindersteak ist ein echter Klassiker f\u00fcr Grillabende, besondere Anl\u00e4sse oder einfach ein herzhaftes, leckeres Abendessen \u2013 ideal f\u00fcr alle, die den vollen Geschmack von hochwertigem Rindfleisch sch\u00e4tzen.<\/div>\n<\/div>\n<\/div>\n<p>&nbsp;<\/p>\n<p>250g<br \/>\n(30\u20ac\/kg)<\/p>\n","protected":false},"excerpt":{"rendered":"<p>250g<\/p>\n","protected":false},"featured_media":484,"template":"","meta":{"site-sidebar-layout":"default","site-content-layout":"","ast-site-content-layout":"default","site-content-style":"default","site-sidebar-style":"default","ast-global-header-display":"","ast-banner-title-visibility":"","ast-main-header-display":"","ast-hfb-above-header-display":"","ast-hfb-below-header-display":"","ast-hfb-mobile-header-display":"","site-post-title":"","ast-breadcrumbs-content":"","ast-featured-img":"","footer-sml-layout":"","theme-transparent-header-meta":"default","adv-header-id-meta":"","stick-header-meta":"","header-above-stick-meta":"","header-main-stick-meta":"","header-below-stick-meta":"","astra-migrate-meta-layouts":"set","ast-page-background-enabled":"default","ast-page-background-meta":{"desktop":{"background-color":"var(--ast-global-color-5)","background-image":"","background-repeat":"repeat","background-position":"center center","background-size":"auto","background-attachment":"scroll","background-type":"","background-media":"","overlay-type":"","overlay-color":"","overlay-opacity":"","overlay-gradient":""},"tablet":{"background-color":"","background-image":"","background-repeat":"repeat","background-position":"center center","background-size":"auto","background-attachment":"scroll","background-type":"","background-media":"","overlay-type":"","overlay-color":"","overlay-opacity":"","overlay-gradient":""},"mobile":{"background-color":"","background-image":"","background-repeat":"repeat","background-position":"center center","background-size":"auto","background-attachment":"scroll","background-type":"","background-media":"","overlay-type":"","overlay-color":"","overlay-opacity":"","overlay-gradient":""}},"ast-content-background-meta":{"desktop":{"background-color":"var(--ast-global-color-4)","background-image":"","background-repeat":"repeat","background-position":"center center","background-size":"auto","background-attachment":"scroll","background-type":"","background-media":"","overlay-type":"","overlay-color":"","overlay-opacity":"","overlay-gradient":""},"tablet":{"background-color":"var(--ast-global-color-4)","background-image":"","background-repeat":"repeat","background-position":"center center","background-size":"auto","background-attachment":"scroll","background-type":"","background-media":"","overlay-type":"","overlay-color":"","overlay-opacity":"","overlay-gradient":""},"mobile":{"background-color":"var(--ast-global-color-4)","background-image":"","background-repeat":"repeat","background-position":"center center","background-size":"auto","background-attachment":"scroll","background-type":"","background-media":"","overlay-type":"","overlay-color":"","overlay-opacity":"","overlay-gradient":""}}},"product_brand":[],"product_cat":[20],"product_tag":[],"class_list":{"0":"post-234","1":"product","2":"type-product","3":"status-publish","4":"has-post-thumbnail","6":"product_cat-rind","7":"desktop-align-left","8":"tablet-align-left","9":"mobile-align-left","11":"first","12":"outofstock","13":"taxable","14":"shipping-taxable","15":"purchasable","16":"product-type-variable","17":"has-default-attributes"},"jetpack_sharing_enabled":true,"_links":{"self":[{"href":"https:\/\/welle-hof.de\/wh\/wp-json\/wp\/v2\/product\/234","targetHints":{"allow":["GET"]}}],"collection":[{"href":"https:\/\/welle-hof.de\/wh\/wp-json\/wp\/v2\/product"}],"about":[{"href":"https:\/\/welle-hof.de\/wh\/wp-json\/wp\/v2\/types\/product"}],"wp:featuredmedia":[{"embeddable":true,"href":"https:\/\/welle-hof.de\/wh\/wp-json\/wp\/v2\/media\/484"}],"wp:attachment":[{"href":"https:\/\/welle-hof.de\/wh\/wp-json\/wp\/v2\/media?parent=234"}],"wp:term":[{"taxonomy":"product_brand","embeddable":true,"href":"https:\/\/welle-hof.de\/wh\/wp-json\/wp\/v2\/product_brand?post=234"},{"taxonomy":"product_cat","embeddable":true,"href":"https:\/\/welle-hof.de\/wh\/wp-json\/wp\/v2\/product_cat?post=234"},{"taxonomy":"product_tag","embeddable":true,"href":"https:\/\/welle-hof.de\/wh\/wp-json\/wp\/v2\/product_tag?post=234"}],"curies":[{"name":"wp","href":"https:\/\/api.w.org\/{rel}","templated":true}]}}