{"id":182,"date":"2025-01-21T12:08:30","date_gmt":"2025-01-21T11:08:30","guid":{"rendered":"https:\/\/welle-hof.de\/wh\/?page_id=182"},"modified":"2025-01-21T12:13:30","modified_gmt":"2025-01-21T11:13:30","slug":"agb","status":"publish","type":"page","link":"https:\/\/welle-hof.de\/wh\/agb\/","title":{"rendered":"AGB"},"content":{"rendered":"\t\t<div data-elementor-type=\"wp-page\" data-elementor-id=\"182\" class=\"elementor elementor-182\" data-elementor-post-type=\"page\">\n\t\t\t\t<div class=\"elementor-element elementor-element-b7cfb2b e-flex e-con-boxed e-con e-parent\" data-id=\"b7cfb2b\" data-element_type=\"container\" data-e-type=\"container\">\n\t\t\t\t\t<div class=\"e-con-inner\">\n\t\t\t\t<div class=\"elementor-element elementor-element-a284b8a elementor-widget elementor-widget-heading\" data-id=\"a284b8a\" data-element_type=\"widget\" data-e-type=\"widget\" data-widget_type=\"heading.default\">\n\t\t\t\t<div class=\"elementor-widget-container\">\n\t\t\t\t\t<h2 class=\"elementor-heading-title elementor-size-default\">Allgemeine Gesch\u00e4ftsbedingungen<\/h2>\t\t\t\t<\/div>\n\t\t\t\t<\/div>\n\t\t\t\t<div class=\"elementor-element elementor-element-b098071 elementor-widget elementor-widget-spacer\" data-id=\"b098071\" data-element_type=\"widget\" data-e-type=\"widget\" data-widget_type=\"spacer.default\">\n\t\t\t\t<div class=\"elementor-widget-container\">\n\t\t\t\t\t\t\t<div class=\"elementor-spacer\">\n\t\t\t<div class=\"elementor-spacer-inner\"><\/div>\n\t\t<\/div>\n\t\t\t\t\t\t<\/div>\n\t\t\t\t<\/div>\n\t\t\t\t<div class=\"elementor-element elementor-element-a87fe8f elementor-widget elementor-widget-text-editor\" data-id=\"a87fe8f\" data-element_type=\"widget\" data-e-type=\"widget\" data-widget_type=\"text-editor.default\">\n\t\t\t\t<div class=\"elementor-widget-container\">\n\t\t\t\t\t\t\t\t\t<p class=\"body1\">Betreiber dieses Online-Hofladens ist (im folgenden als &#8222;wir&#8220; bezeichnet):<\/p><p class=\"body1\">Welle Hof<br \/>B\u00e4umlesberg 8<br \/>77787 Nordrach<br \/>Lilly Welle<br \/>info@welle-hof.de<\/p><p class=\"body1\">In unserem Online-Hofladen k\u00f6nnen Sie Waren von uns reservieren bzw. bestellen. Reservieren k\u00f6nnen Sie Waren, die zum Beispiel erst in Zukunft verf\u00fcgbar sind und bei denen der Preis noch nicht feststeht (z.B. Fleisch, welches pro Kilo abgerechnet wird). Bestellen k\u00f6nnen Sie Waren, die bereits verf\u00fcgbar sind, oder bei denen der zuk\u00fcnfitge Preis bereits feststeht (z.B. Artikel die einen pro St\u00fcck Preis haben).<\/p>\t\t\t\t\t\t\t\t<\/div>\n\t\t\t\t<\/div>\n\t\t\t\t<div class=\"elementor-element elementor-element-9f72409 elementor-widget elementor-widget-heading\" data-id=\"9f72409\" data-element_type=\"widget\" data-e-type=\"widget\" data-widget_type=\"heading.default\">\n\t\t\t\t<div class=\"elementor-widget-container\">\n\t\t\t\t\t<h2 class=\"elementor-heading-title elementor-size-default\">1. Allgemein<\/h2>\t\t\t\t<\/div>\n\t\t\t\t<\/div>\n\t\t\t\t<div class=\"elementor-element elementor-element-df7a694 elementor-widget elementor-widget-text-editor\" data-id=\"df7a694\" data-element_type=\"widget\" data-e-type=\"widget\" data-widget_type=\"text-editor.default\">\n\t\t\t\t<div class=\"elementor-widget-container\">\n\t\t\t\t\t\t\t\t\t<p class=\"body1\">Die nachfolgenden AGB gelten f\u00fcr alle Reservierungen\/Bestellungen \u00fcber unseren Online-Hofladen durch Verbraucher und Unternehmer.<br \/>G\u00fcltig ist stets die jeweilige Fassung, die zum Zeitpunkt des reservierens\/bestellens auf dieser Internetseite einsehbar ist.<br \/>Die Zahlungs- und Versandbedingungen finden Sie auf der Startseite unserer Seite.<\/p>\t\t\t\t\t\t\t\t<\/div>\n\t\t\t\t<\/div>\n\t\t\t\t<div class=\"elementor-element elementor-element-9d2681c elementor-widget elementor-widget-heading\" data-id=\"9d2681c\" data-element_type=\"widget\" data-e-type=\"widget\" data-widget_type=\"heading.default\">\n\t\t\t\t<div class=\"elementor-widget-container\">\n\t\t\t\t\t<h2 class=\"elementor-heading-title elementor-size-default\">2. Kaufvertrag<\/h2>\t\t\t\t<\/div>\n\t\t\t\t<\/div>\n\t\t\t\t<div class=\"elementor-element elementor-element-d0e1d06 elementor-widget elementor-widget-text-editor\" data-id=\"d0e1d06\" data-element_type=\"widget\" data-e-type=\"widget\" data-widget_type=\"text-editor.default\">\n\t\t\t\t<div class=\"elementor-widget-container\">\n\t\t\t\t\t\t\t\t\t<p class=\"body1\">Durch die Pr\u00e4sentation der Artikel in unserem Online-Hofladen stellen wir noch kein Angebot zum Abschluss eines Kaufvertrages dar. Es dient lediglich dazu, dass der Verbraucher ein Angebot zum Reservieren\/Bestellen abgeben kann.<\/p><p class=\"body1\">Mit dem Absenden des Formulares zum Reservieren\/Bestellen gibt der Verbraucher ein verbindliches Angebot zum Abschluss eines Kaufvertrages ab.<\/p><p class=\"body1\">Von-bis Preise sind nur eine grobe Sch\u00e4tzung des Preises und sind nicht verbindlich. Damit wird verdeutlicht, dass es sich bei den Artikeln um nat\u00fcrliche Produkte handelt, bei denen der genaue Preis erst in Zukunft durch z.B. Wiegung festgelegt werden kann. Der pro-Kilo Grundpreis ist verbindlich.<\/p><p class=\"body1\">Sobald Sie eine Reservierung\/Bestellung abgegeben haben bekommen Sie eine E-Mail die best\u00e4tigt, dass Ihre Reservierung\/Bestellung bei uns eingegangen ist. Diese E-Mail stellt keine Annahme Ihres Angebotes dar.<\/p><p class=\"body1\">Wenn Sie Ihre Reservierung\/Bestellung \u00e4ndern wollen, k\u00f6nnen Sie uns \u00fcber die auf dieser Seite angegebenen Kontaktdaten informieren.<\/p><p class=\"body1\">Wir weisen Sie darauf hin, dass ein Vertrag erst zustande kommt, wenn wir Ihr Angebot annehmen. Hierf\u00fcr treten wir mit Ihnen in Kontakt oder es erfolgt stillschweigend durch \u00dcbersendung der Ware.<\/p>\t\t\t\t\t\t\t\t<\/div>\n\t\t\t\t<\/div>\n\t\t\t\t<div class=\"elementor-element elementor-element-c13c3f1 elementor-widget elementor-widget-heading\" data-id=\"c13c3f1\" data-element_type=\"widget\" data-e-type=\"widget\" data-widget_type=\"heading.default\">\n\t\t\t\t<div class=\"elementor-widget-container\">\n\t\t\t\t\t<h2 class=\"elementor-heading-title elementor-size-default\">3. Zahlungs- und Lieferbedingungen<\/h2>\t\t\t\t<\/div>\n\t\t\t\t<\/div>\n\t\t\t\t<div class=\"elementor-element elementor-element-ea33a71 elementor-widget elementor-widget-text-editor\" data-id=\"ea33a71\" data-element_type=\"widget\" data-e-type=\"widget\" data-widget_type=\"text-editor.default\">\n\t\t\t\t<div class=\"elementor-widget-container\">\n\t\t\t\t\t\t\t\t\t<p class=\"body1\">Auf unserer Startseite k\u00f6nnen Sie die verf\u00fcgbaren Zahlungs- und Lieferbedingungen sehen<\/p><p class=\"body1\">Sie k\u00f6nnen bei der Abgabe der Reservierung\/Bestellung Ihre favorisierte Zahlungs- und Liefervariante w\u00e4hlen. Dies ist nur ein Wunsch und nicht f\u00fcr uns verbindlich.<\/p><p class=\"body1\">Ggf. werden wir uns mit Ihnen in Verbindung setzen um die f\u00fcr beide Seiten beste Zahlungs- und Liefervariante abzusprechen<\/p><p class=\"body1\">Wir weisen Sie darauf hin, dass wir Ihr Angebot eines Kaufvertrages ablehnen d\u00fcrfen, wenn es f\u00fcr uns wirtschaftlich bzw. technisch nicht machbar ist, die Ware zu Ihnen zu bef\u00f6rdern.<\/p><p class=\"body1\">Die Tage ab denen die Ware verf\u00fcgbar ist, sind bei der jeweiligen Charge mit angegeben. Bei Chargen, die erst verf\u00fcgbar sind nachdem ein gewisser Prozentsatz verkauft ist, werden wir Ihnen den Verf\u00fcgbarkeitstag mitteilen, sobald wir diesen festgelegt haben.<\/p><p class=\"body1\">Den Liefertermin werden wir mit Ihnen absprechen. Dieser kann vom Tag der Verf\u00fcgbarkeit abweichen.<\/p><p class=\"body1\">Je nach Versandart\/Abholung k\u00f6nnen verschiedene Versandkosten anfallen. Diese finden Sie auf unserer Internetseite und im Bestellprozess.<\/p>\t\t\t\t\t\t\t\t<\/div>\n\t\t\t\t<\/div>\n\t\t\t\t<div class=\"elementor-element elementor-element-14c2a26 elementor-widget elementor-widget-heading\" data-id=\"14c2a26\" data-element_type=\"widget\" data-e-type=\"widget\" data-widget_type=\"heading.default\">\n\t\t\t\t<div class=\"elementor-widget-container\">\n\t\t\t\t\t<h2 class=\"elementor-heading-title elementor-size-default\">4. Preise<\/h2>\t\t\t\t<\/div>\n\t\t\t\t<\/div>\n\t\t\t\t<div class=\"elementor-element elementor-element-f2b7bb3 elementor-widget elementor-widget-text-editor\" data-id=\"f2b7bb3\" data-element_type=\"widget\" data-e-type=\"widget\" data-widget_type=\"text-editor.default\">\n\t\t\t\t<div class=\"elementor-widget-container\">\n\t\t\t\t\t\t\t\t\t<p class=\"body1\">Alle Preise verstehen sich in Euro<\/p><p class=\"body1\">Es gelten die Preise, die bei Abgabe der Reservierung\/Bestellung auf der Internetseite ver\u00f6ffentlicht wurden.<\/p><p class=\"body1\">Bei Preisen, die abh\u00e4ngig vom Gewicht sind (pro Kilo Preise), gelten lediglich die Grundpreise. Die von-bis Angaben sind lediglich Indikationen und sind nicht verbindlich. Es kann sein, dass die jeweiligen St\u00fccke mehr wiegen und somit teurer werden als der bis-Preis.<\/p><p class=\"body1\">Alle genannten Preise verstehen sich inklusive der gesetzlichen Mehrwertsteuer.<\/p>\t\t\t\t\t\t\t\t<\/div>\n\t\t\t\t<\/div>\n\t\t\t\t<div class=\"elementor-element elementor-element-b27da1e elementor-widget elementor-widget-heading\" data-id=\"b27da1e\" data-element_type=\"widget\" data-e-type=\"widget\" data-widget_type=\"heading.default\">\n\t\t\t\t<div class=\"elementor-widget-container\">\n\t\t\t\t\t<h2 class=\"elementor-heading-title elementor-size-default\">5. Widerrufsbelehrung<\/h2>\t\t\t\t<\/div>\n\t\t\t\t<\/div>\n\t\t\t\t<div class=\"elementor-element elementor-element-67ce8c5 elementor-widget elementor-widget-text-editor\" data-id=\"67ce8c5\" data-element_type=\"widget\" data-e-type=\"widget\" data-widget_type=\"text-editor.default\">\n\t\t\t\t<div class=\"elementor-widget-container\">\n\t\t\t\t\t\t\t\t\t<div class=\"text-content\"><p class=\"body1\">Wichtig: Laut \u00a7 312g des BGB besteht das Widerrufsrecht nicht bei schnell verderblichen Waren (siehe \u201eWeitere Hinweise\u201c). Demnach haben Sie kein Widerrufsrecht bei der Bestellung von z.B: Fleisch- oder Wurtwaren, Obst, Gem\u00fcse, Milch und alle anderen Waren deren Verfallsdatum schnell \u00fcberschritten sind. Ihre Zufriedenheit ist f\u00fcr uns das Wichtigste, daher bitten wir Sie uns bei M\u00e4ngeln am Produkt trotzdem zu kontaktieren, damit wir gemeinsam eine L\u00f6sung finden k\u00f6nnen.<\/p><p class=\"body1\">Welle Hof<br \/>Lilly Welle<br \/><br \/>info@welle-hof.de<\/p><p class=\"body1\">F\u00fcr alle anderen Waren gilt das folgende Widerrufsrecht.<\/p><\/div><div class=\"text-content\"><p class=\"subhead\">Widerrufsrecht<\/p><p class=\"body1\">Sie haben das Recht, binnen vierzehn Tagen ohne Angabe von Gr\u00fcnden diesen Vertrag zu widerrufen.<\/p><p class=\"body1\">Die Widerrufsfrist betr\u00e4gt vierzehn Tage ab dem Tag<\/p><p class=\"body1\">\u00a0<\/p><ul><li class=\"body1\">(Bei Lieferung aller Waren der Bestellung am selben Tag) an dem Sie oder ein von Ihnen benannter Dritter, der nicht der Bef\u00f6rderer ist, die Waren in Besitz genommen haben bzw. hat.<\/li><li class=\"body1\">(Bei Teillieferungen von Waren einer einheitlichen Bestellung) an dem Sie oder ein von Ihnen benannter Dritter, der nicht der Bef\u00f6rderer ist, die letzte Ware in Besitz genommen haben bzw. hat.<\/li><li class=\"body1\">(Bei regelm\u00e4\u00dfigen Lieferungen von Waren \u00fcber einen festgelegten Zeitraum hinweg) an dem Sie oder ein von Ihnen benannter Dritter, der nicht der Bef\u00f6rderer ist, die erste Ware in Besitz genommen haben bzw. hat.<\/li><\/ul><p>\u00a0<\/p><p class=\"body1\">Um Ihr Widerrufsrecht auszu\u00fcben, m\u00fcssen Sie uns\u00a0<strong>(Firmenname, Ansprechpartner, Telefonnummer, E-Mail Adresse)<\/strong>\u00a0mittels einer eindeutigen Erkl\u00e4rung (z. B. ein mit der Post versandter Brief, Telefax oder E-Mail) \u00fcber Ihren Entschluss, diesen Vertrag zu widerrufen, informieren. Sie k\u00f6nnen daf\u00fcr das beigef\u00fcgte Muster-Widerrufsformular verwenden, das jedoch nicht vorgeschrieben ist.<\/p><p class=\"body1\">Zur Wahrung der Widerrufsfrist reicht es aus, dass Sie die Mitteilung \u00fcber die Aus\u00fcbung des Widerrufsrechts vor Ablauf der Widerrufsfrist absenden.<\/p><\/div><div class=\"text-content\"><p class=\"subhead\">Folgen des Widerrufs<\/p><p class=\"body1\">Wenn Sie diesen Vertrag widerrufen, haben wir Ihnen alle Zahlungen, die wir von Ihnen erhalten haben, einschlie\u00dflich der Lieferkosten (mit Ausnahme der zus\u00e4tzlichen Kosten, die sich daraus ergeben, dass Sie eine andere Art der Lieferung als die von uns angebotene, g\u00fcnstigste Standardlieferung gew\u00e4hlt haben), unverz\u00fcglich und sp\u00e4testens binnen vierzehn Tagen ab dem Tag zur\u00fcckzuzahlen, an dem die Mitteilung \u00fcber Ihren Widerruf dieses Vertrags bei uns eingegangen ist. F\u00fcr diese R\u00fcckzahlung verwenden wir dasselbe Zahlungsmittel, das Sie bei der urspr\u00fcnglichen Transaktion eingesetzt haben, es sei denn, mit Ihnen wurde ausdr\u00fccklich etwas anderes vereinbart; in keinem Fall werden Ihnen wegen dieser R\u00fcckzahlung Entgelte berechnet. Wir k\u00f6nnen die R\u00fcckzahlung verweigern, bis wir die Waren wieder zur\u00fcckerhalten haben oder bis Sie den Nachweis erbracht haben, dass Sie die Waren zur\u00fcckgesandt haben, je nachdem, welches der fr\u00fchere Zeitpunkt ist.<\/p><p class=\"body1\">Sie haben die Waren unverz\u00fcglich und in jedem Fall sp\u00e4testens binnen vierzehn Tagen ab dem Tag, an dem Sie uns \u00fcber den Widerruf dieses Vertrags unterrichten, an uns (<strong>Welle Hof, B\u00e4umlesberg 8, 77787 Nordrach<\/strong>) zur\u00fcckzusenden oder zu \u00fcbergeben. Die Frist ist gewahrt, wenn Sie die Waren vor Ablauf der Frist von vierzehn Tagen absenden.<\/p><p class=\"body1\">Sie tragen die unmittelbaren Kosten der R\u00fccksendung der Waren. Sie m\u00fcssen f\u00fcr einen etwaigen Wertverlust der Waren nur aufkommen, wenn dieser Wertverlust auf einen zur Pr\u00fcfung der Beschaffenheit, Eigenschaften und Funktionsweise der Waren nicht notwendigen Umgang mit ihnen zur\u00fcckzuf\u00fchren ist.<\/p><\/div><div class=\"text-content\"><p class=\"subhead\">Weitere Hinweise<\/p><p class=\"body1\">Laut \u00a7 312g des BGB (https:\/\/dejure.org\/gesetze\/BGB\/312g.html) besteht das Widerrufsrecht nicht<\/p><p class=\"body1\">\u00a0<\/p><ul><li class=\"body1\">Bei Vertr\u00e4ge zur Lieferung von Waren, die nicht vorgefertigt sind und f\u00fcr deren Herstellung eine individuelle Auswahl oder Bestimmung durch den Verbraucher ma\u00dfgeblich ist oder die eindeutig auf die pers\u00f6nlichen Bed\u00fcrfnisse des Verbrauchers zugeschnitten sind,<\/li><li class=\"body1\">Vertr\u00e4ge zur Lieferung von Waren, die schnell verderben k\u00f6nnen oder deren Verfallsdatum schnell \u00fcberschritten w\u00fcrde,<\/li><li class=\"body1\">Vertr\u00e4ge zur Lieferung versiegelter Waren, die aus Gr\u00fcnden des Gesundheitsschutzes oder der Hygiene nicht zur R\u00fcckgabe geeignet sind, wenn ihre Versiegelung nach der Lieferung entfernt wurde,<\/li><li class=\"body1\">Vertr\u00e4ge zur Lieferung von Waren, wenn diese nach der Lieferung auf Grund ihrer Beschaffenheit untrennbar mit anderen G\u00fctern vermischt wurden,<\/li><li class=\"body1\">Vertr\u00e4ge zur Lieferung alkoholischer Getr\u00e4nke, deren Preis bei Vertragsschluss vereinbart wurde, die aber fr\u00fchestens 30 Tage nach Vertragsschluss geliefert werden k\u00f6nnen und deren aktueller Wert von Schwankungen auf dem Markt abh\u00e4ngt, auf die der Unternehmer keinen Einfluss hat<\/li><\/ul><p>\u00a0<\/p><p class=\"body1\">Demnach besteht bei einigen unserer Lebensmittel kein Widerrufsrecht. Zum Beispiel, aber nicht ausschlie\u00dflich auf Fleisch- und Wurstwaren, Obst, Gem\u00fcse, Milch, etc.<\/p><\/div><div class=\"text-content\"><p class=\"subhead\">Muster-Widerrufsformular<\/p><p class=\"body1\">(Wenn Sie den Vertrag widerrufen wollen, dann f\u00fcllen Sie bitte dieses Formular aus und senden Sie es zur\u00fcck.)<\/p><p class=\"body1\">\u00a0<\/p><ul><li class=\"body1\">An [hier ist der Name, die Anschrift und gegebenenfalls die Telefaxnummer und E-Mail-Adresse des Unternehmers durch den Unternehmer einzuf\u00fcgen]:<\/li><li class=\"body1\">Hiermit widerrufe(n) ich\/wir (*) den von mir\/uns (*) abgeschlossenen Vertrag \u00fcber den Kauf der folgenden Waren (*)\/die Erbringung der folgenden Dienstleistung (*)<\/li><li class=\"body1\">Bestellt am (*)\/erhalten am (*)<\/li><li class=\"body1\">Name des\/der Verbraucher(s)<\/li><li class=\"body1\">Anschrift des\/der Verbraucher(s)<\/li><li class=\"body1\">Unterschrift des\/der Verbraucher(s) (nur bei Mitteilung auf Papier)<\/li><li class=\"body1\">Datum<\/li><\/ul><p>\u00a0<\/p><p class=\"body1\">* Unzutreffendes streichen.<\/p><\/div>\t\t\t\t\t\t\t\t<\/div>\n\t\t\t\t<\/div>\n\t\t\t\t<div class=\"elementor-element elementor-element-5235852 elementor-widget elementor-widget-heading\" data-id=\"5235852\" data-element_type=\"widget\" data-e-type=\"widget\" data-widget_type=\"heading.default\">\n\t\t\t\t<div class=\"elementor-widget-container\">\n\t\t\t\t\t<h2 class=\"elementor-heading-title elementor-size-default\">6. Verpackung<\/h2>\t\t\t\t<\/div>\n\t\t\t\t<\/div>\n\t\t\t\t<div class=\"elementor-element elementor-element-484e9b1 elementor-widget elementor-widget-text-editor\" data-id=\"484e9b1\" data-element_type=\"widget\" data-e-type=\"widget\" data-widget_type=\"text-editor.default\">\n\t\t\t\t<div class=\"elementor-widget-container\">\n\t\t\t\t\t\t\t\t\t<div class=\"text-content\"><p class=\"body1\">Wir w\u00e4hlen die Verpackung so, dass die K\u00fchlkette f\u00fcr die geplante Versandlaufzeit nicht unterbrochen wird. Nach unserem ermessen w\u00e4hlen wir die Art der Verpackung.<\/p><\/div>\t\t\t\t\t\t\t\t<\/div>\n\t\t\t\t<\/div>\n\t\t\t\t<div class=\"elementor-element elementor-element-5b78364 elementor-widget elementor-widget-heading\" data-id=\"5b78364\" data-element_type=\"widget\" data-e-type=\"widget\" data-widget_type=\"heading.default\">\n\t\t\t\t<div class=\"elementor-widget-container\">\n\t\t\t\t\t<h2 class=\"elementor-heading-title elementor-size-default\">7. Haftung<\/h2>\t\t\t\t<\/div>\n\t\t\t\t<\/div>\n\t\t\t\t<div class=\"elementor-element elementor-element-2aefa74 elementor-widget elementor-widget-text-editor\" data-id=\"2aefa74\" data-element_type=\"widget\" data-e-type=\"widget\" data-widget_type=\"text-editor.default\">\n\t\t\t\t<div class=\"elementor-widget-container\">\n\t\t\t\t\t\t\t\t\t<div class=\"text-content\"><ul><li class=\"body1\">Schadensersatzanspr\u00fcche des Kunden sind ausgeschlossen, soweit nachfolgend nichts anderes bestimmt ist. Der vorstehende Haftungsausschluss gilt auch zugunsten der gesetzlichen Vertreter und Erf\u00fcllungsgehilfen des Anbieters, sofern der Kunde Anspr\u00fcche gegen diese geltend macht.<\/li><li class=\"body1\">Von dem unter Ziffer 1 bestimmten Haftungsausschluss ausgenommen sind Schadensersatzanspr\u00fcche aufgrund einer Verletzung des Lebens, des K\u00f6rpers, der Gesundheit und Schadensersatzanspr\u00fcche aus der Verletzung wesentlicher Vertragspflichten. Wesentliche Vertragspflichten sind solche, deren Erf\u00fcllung zur Erreichung des Ziels des Vertrags notwendig ist, z.B. hat der Anbieter dem Kunden die Sache frei von Sach- und Rechtsm\u00e4ngeln zu \u00fcbergeben und das Eigentum an ihr zu verschaffen. Von dem Haftungsausschluss ebenfalls ausgenommen ist die Haftung f\u00fcr Sch\u00e4den, die auf einer vors\u00e4tzlichen oder grob fahrl\u00e4ssigen Pflichtverletzung des Anbieters, seiner gesetzlichen Vertreter oder Erf\u00fcllungsgehilfen beruhen.<\/li><li class=\"body1\">Vorschriften des Produkthaftungsgesetzes (ProdHaftG) bleiben unber\u00fchrt.<\/li><\/ul><\/div>\t\t\t\t\t\t\t\t<\/div>\n\t\t\t\t<\/div>\n\t\t\t\t<div class=\"elementor-element elementor-element-953e2ce elementor-widget elementor-widget-heading\" data-id=\"953e2ce\" data-element_type=\"widget\" data-e-type=\"widget\" data-widget_type=\"heading.default\">\n\t\t\t\t<div class=\"elementor-widget-container\">\n\t\t\t\t\t<h2 class=\"elementor-heading-title elementor-size-default\">8. Rechtswahl &amp; Gerichtsstand<\/h2>\t\t\t\t<\/div>\n\t\t\t\t<\/div>\n\t\t\t\t<div class=\"elementor-element elementor-element-47e7a64 elementor-widget elementor-widget-text-editor\" data-id=\"47e7a64\" data-element_type=\"widget\" data-e-type=\"widget\" data-widget_type=\"text-editor.default\">\n\t\t\t\t<div class=\"elementor-widget-container\">\n\t\t\t\t\t\t\t\t\t<div class=\"text-content\"><p>Auf die vertraglichen Beziehungen zwischen uns und Ihnen findet das Recht der Bundesrepublik Deutschland Anwendung. Von dieser Rechtswahl ausgenommen sind die zwingenden Verbraucherschutzvorschriften des Landes, in dem der Kunde seinen gew\u00f6hnlichen Aufenthalt hat. Die Anwendung des UN-Kaufrechts ist ausgeschlossen. Gerichtsstand f\u00fcr alle Streitigkeiten aus dem Vertragsverh\u00e4ltnis zwischen dem Kunden und dem Anbieter ist der Sitz des Anbieters, sofern es sich bei dem Kunden um einen Kaufmann, eine juristische Person des \u00f6ffentlichen Rechts oder ein \u00f6ffentlich-rechtliches Sonderverm\u00f6gen handelt.<\/p><\/div>\t\t\t\t\t\t\t\t<\/div>\n\t\t\t\t<\/div>\n\t\t\t\t<div class=\"elementor-element elementor-element-767aad9 elementor-widget elementor-widget-heading\" data-id=\"767aad9\" data-element_type=\"widget\" data-e-type=\"widget\" data-widget_type=\"heading.default\">\n\t\t\t\t<div class=\"elementor-widget-container\">\n\t\t\t\t\t<h2 class=\"elementor-heading-title elementor-size-default\">9. Salvatorische Klausel<\/h2>\t\t\t\t<\/div>\n\t\t\t\t<\/div>\n\t\t\t\t<div class=\"elementor-element elementor-element-1ee778f elementor-widget elementor-widget-text-editor\" data-id=\"1ee778f\" data-element_type=\"widget\" data-e-type=\"widget\" data-widget_type=\"text-editor.default\">\n\t\t\t\t<div class=\"elementor-widget-container\">\n\t\t\t\t\t\t\t\t\t<div class=\"text-content\"><p>Sollte eine Bestimmung dieser Allgemeinen Gesch\u00e4ftsbedingungen unwirksam sein, wird davon die Wirksamkeit der \u00fcbrigen Bestimmungen nicht ber\u00fchrt.<\/p><\/div>\t\t\t\t\t\t\t\t<\/div>\n\t\t\t\t<\/div>\n\t\t\t\t\t<\/div>\n\t\t\t\t<\/div>\n\t\t\t\t<\/div>\n\t\t","protected":false},"excerpt":{"rendered":"<p>Allgemeine Gesch\u00e4ftsbedingungen Betreiber dieses Online-Hofladens ist (im folgenden als &#8222;wir&#8220; bezeichnet): Welle HofB\u00e4umlesberg 877787 NordrachLilly Welleinfo@welle-hof.de In unserem Online-Hofladen k\u00f6nnen [&hellip;]<\/p>\n","protected":false},"author":2,"featured_media":0,"parent":0,"menu_order":0,"comment_status":"closed","ping_status":"closed","template":"","meta":{"site-sidebar-layout":"no-sidebar","site-content-layout":"","ast-site-content-layout":"full-width-container","site-content-style":"default","site-sidebar-style":"default","ast-global-header-display":"","ast-banner-title-visibility":"","ast-main-header-display":"","ast-hfb-above-header-display":"","ast-hfb-below-header-display":"","ast-hfb-mobile-header-display":"","site-post-title":"disabled","ast-breadcrumbs-content":"","ast-featured-img":"disabled","footer-sml-layout":"","theme-transparent-header-meta":"","adv-header-id-meta":"","stick-header-meta":"","header-above-stick-meta":"","header-main-stick-meta":"","header-below-stick-meta":"","astra-migrate-meta-layouts":"default","ast-page-background-enabled":"default","ast-page-background-meta":{"desktop":{"background-color":"var(--ast-global-color-5)","background-image":"","background-repeat":"repeat","background-position":"center center","background-size":"auto","background-attachment":"scroll","background-type":"","background-media":"","overlay-type":"","overlay-color":"","overlay-opacity":"","overlay-gradient":""},"tablet":{"background-color":"","background-image":"","background-repeat":"repeat","background-position":"center center","background-size":"auto","background-attachment":"scroll","background-type":"","background-media":"","overlay-type":"","overlay-color":"","overlay-opacity":"","overlay-gradient":""},"mobile":{"background-color":"","background-image":"","background-repeat":"repeat","background-position":"center center","background-size":"auto","background-attachment":"scroll","background-type":"","background-media":"","overlay-type":"","overlay-color":"","overlay-opacity":"","overlay-gradient":""}},"ast-content-background-meta":{"desktop":{"background-color":"var(--ast-global-color-4)","background-image":"","background-repeat":"repeat","background-position":"center center","background-size":"auto","background-attachment":"scroll","background-type":"","background-media":"","overlay-type":"","overlay-color":"","overlay-opacity":"","overlay-gradient":""},"tablet":{"background-color":"var(--ast-global-color-4)","background-image":"","background-repeat":"repeat","background-position":"center center","background-size":"auto","background-attachment":"scroll","background-type":"","background-media":"","overlay-type":"","overlay-color":"","overlay-opacity":"","overlay-gradient":""},"mobile":{"background-color":"var(--ast-global-color-4)","background-image":"","background-repeat":"repeat","background-position":"center center","background-size":"auto","background-attachment":"scroll","background-type":"","background-media":"","overlay-type":"","overlay-color":"","overlay-opacity":"","overlay-gradient":""}},"footnotes":""},"class_list":["post-182","page","type-page","status-publish","hentry"],"jetpack_sharing_enabled":true,"_links":{"self":[{"href":"https:\/\/welle-hof.de\/wh\/wp-json\/wp\/v2\/pages\/182","targetHints":{"allow":["GET"]}}],"collection":[{"href":"https:\/\/welle-hof.de\/wh\/wp-json\/wp\/v2\/pages"}],"about":[{"href":"https:\/\/welle-hof.de\/wh\/wp-json\/wp\/v2\/types\/page"}],"author":[{"embeddable":true,"href":"https:\/\/welle-hof.de\/wh\/wp-json\/wp\/v2\/users\/2"}],"replies":[{"embeddable":true,"href":"https:\/\/welle-hof.de\/wh\/wp-json\/wp\/v2\/comments?post=182"}],"version-history":[{"count":4,"href":"https:\/\/welle-hof.de\/wh\/wp-json\/wp\/v2\/pages\/182\/revisions"}],"predecessor-version":[{"id":186,"href":"https:\/\/welle-hof.de\/wh\/wp-json\/wp\/v2\/pages\/182\/revisions\/186"}],"wp:attachment":[{"href":"https:\/\/welle-hof.de\/wh\/wp-json\/wp\/v2\/media?parent=182"}],"curies":[{"name":"wp","href":"https:\/\/api.w.org\/{rel}","templated":true}]}}